{"id":9421,"date":"2024-10-10T13:50:00","date_gmt":"2024-10-10T11:50:00","guid":{"rendered":"https:\/\/www.victoriadressel.de\/?page_id=9421"},"modified":"2026-02-13T13:17:39","modified_gmt":"2026-02-13T12:17:39","slug":"studio","status":"publish","type":"page","link":"https:\/\/www.victoriadressel.de\/en\/studio\/","title":{"rendered":"Studio"},"content":{"rendered":"<div data-elementor-type=\"wp-page\" data-elementor-id=\"9421\" class=\"elementor elementor-9421\" data-elementor-settings=\"[]\">\n\t\t\t\t\t\t<div class=\"elementor-inner\">\n\t\t\t\t\t\t\t<div class=\"elementor-section-wrap\">\n\t\t\t\t\t\t\t<section class=\"elementor-section elementor-top-section elementor-element elementor-element-0fe4240 elementor-section-height-min-height elementor-section-full_width elementor-section-height-default elementor-section-items-middle\" data-id=\"0fe4240\" data-element_type=\"section\" data-settings=\"{&quot;background_background&quot;:&quot;slideshow&quot;,&quot;background_slideshow_gallery&quot;:[{&quot;id&quot;:8890,&quot;url&quot;:&quot;https:\\\/\\\/www.victoriadressel.de\\\/wp-content\\\/uploads\\\/2024\\\/09\\\/victoria-raum-neu-1-scaled.jpg&quot;},{&quot;id&quot;:9359,&quot;url&quot;:&quot;https:\\\/\\\/www.victoriadressel.de\\\/wp-content\\\/uploads\\\/2024\\\/10\\\/Studio-Vic._Giesserstrase-scaled.jpg&quot;},{&quot;id&quot;:8800,&quot;url&quot;:&quot;https:\\\/\\\/www.victoriadressel.de\\\/wp-content\\\/uploads\\\/2024\\\/09\\\/victoria-raum-neu-4-scaled.jpg&quot;}],&quot;background_slideshow_slide_duration&quot;:9000,&quot;background_slideshow_loop&quot;:&quot;yes&quot;,&quot;background_slideshow_slide_transition&quot;:&quot;fade&quot;,&quot;background_slideshow_transition_duration&quot;:500}\">\n\t\t\t\t\t\t<div class=\"elementor-container elementor-column-gap-default\">\n\t\t\t\t\t\t\t<div class=\"elementor-row\">\n\t\t\t\t\t<div class=\"elementor-column elementor-col-100 elementor-top-column elementor-element elementor-element-a150dfb\" data-id=\"a150dfb\" data-element_type=\"column\">\n\t\t\t<div class=\"elementor-column-wrap elementor-element-populated\">\n\t\t\t\t\t\t\t<div class=\"elementor-widget-wrap\">\n\t\t\t\t\t\t<div class=\"elementor-element elementor-element-053d33d elementor-widget elementor-widget-heading\" data-id=\"053d33d\" data-element_type=\"widget\" data-widget_type=\"heading.default\">\n\t\t\t\t<div class=\"elementor-widget-container\">\n\t\t\t<h1 class=\"elementor-heading-title elementor-size-default\">Studio<\/h1>\t\t<\/div>\n\t\t\t\t<\/div>\n\t\t\t\t<div class=\"elementor-element elementor-element-c2ec228 elementor-widget elementor-widget-text-editor\" data-id=\"c2ec228\" data-element_type=\"widget\" data-widget_type=\"text-editor.default\">\n\t\t\t\t<div class=\"elementor-widget-container\">\n\t\t\t\t\t\t\t\t<div class=\"elementor-text-editor elementor-clearfix\">\n\t\t\t\t<p>Du kannst unser Studio jetzt buchen<\/p>\t\t\t\t\t<\/div>\n\t\t\t\t\t\t<\/div>\n\t\t\t\t<\/div>\n\t\t\t\t<div class=\"elementor-element elementor-element-18a84f7 elementor-align-center elementor-widget elementor-widget-button\" data-id=\"18a84f7\" data-element_type=\"widget\" data-widget_type=\"button.default\">\n\t\t\t\t<div class=\"elementor-widget-container\">\n\t\t\t\t\t<div class=\"elementor-button-wrapper\">\n\t\t\t<a href=\"https:\/\/studio-g14.de\/\" class=\"elementor-button-link elementor-button elementor-size-xl\" role=\"button\">\n\t\t\t\t\t\t<span class=\"elementor-button-content-wrapper\">\n\t\t\t\t\t\t<span class=\"elementor-button-text\">Buche hier<\/span>\n\t\t<\/span>\n\t\t\t\t\t<\/a>\n\t\t<\/div>\n\t\t\t\t<\/div>\n\t\t\t\t<\/div>\n\t\t\t\t\t\t<\/div>\n\t\t\t\t\t<\/div>\n\t\t<\/div>\n\t\t\t\t\t\t\t\t<\/div>\n\t\t\t\t\t<\/div>\n\t\t<\/section>\n\t\t\t\t<section class=\"elementor-section elementor-top-section elementor-element elementor-element-d09f277 elementor-section-boxed elementor-section-height-default elementor-section-height-default\" data-id=\"d09f277\" data-element_type=\"section\">\n\t\t\t\t\t\t<div class=\"elementor-container elementor-column-gap-default\">\n\t\t\t\t\t\t\t<div class=\"elementor-row\">\n\t\t\t\t\t<div class=\"elementor-column elementor-col-100 elementor-top-column elementor-element elementor-element-93984eb\" data-id=\"93984eb\" data-element_type=\"column\">\n\t\t\t<div class=\"elementor-column-wrap elementor-element-populated\">\n\t\t\t\t\t\t\t<div class=\"elementor-widget-wrap\">\n\t\t\t\t\t\t<div class=\"elementor-element elementor-element-3def8ef elementor-widget elementor-widget-image\" data-id=\"3def8ef\" data-element_type=\"widget\" data-widget_type=\"image.default\">\n\t\t\t\t<div class=\"elementor-widget-container\">\n\t\t\t\t\t\t\t\t<div class=\"elementor-image\">\n\t\t\t\t\t\t\t\t\t\t\t\t<img width=\"1024\" height=\"724\" src=\"https:\/\/www.victoriadressel.de\/wp-content\/uploads\/2025\/07\/Neu-Kursplan-Studio-G14-42-x-29.7-cm-1024x724.png\" class=\"attachment-large size-large\" alt=\"\" loading=\"lazy\" srcset=\"https:\/\/www.victoriadressel.de\/wp-content\/uploads\/2025\/07\/Neu-Kursplan-Studio-G14-42-x-29.7-cm-1024x724.png 1024w, https:\/\/www.victoriadressel.de\/wp-content\/uploads\/2025\/07\/Neu-Kursplan-Studio-G14-42-x-29.7-cm-300x212.png 300w, https:\/\/www.victoriadressel.de\/wp-content\/uploads\/2025\/07\/Neu-Kursplan-Studio-G14-42-x-29.7-cm-768x543.png 768w, https:\/\/www.victoriadressel.de\/wp-content\/uploads\/2025\/07\/Neu-Kursplan-Studio-G14-42-x-29.7-cm-1536x1086.png 1536w, https:\/\/www.victoriadressel.de\/wp-content\/uploads\/2025\/07\/Neu-Kursplan-Studio-G14-42-x-29.7-cm-18x12.png 18w, https:\/\/www.victoriadressel.de\/wp-content\/uploads\/2025\/07\/Neu-Kursplan-Studio-G14-42-x-29.7-cm-600x424.png 600w, https:\/\/www.victoriadressel.de\/wp-content\/uploads\/2025\/07\/Neu-Kursplan-Studio-G14-42-x-29.7-cm.png 2000w\" sizes=\"(max-width: 1024px) 100vw, 1024px\" \/>\t\t\t\t\t\t\t\t\t\t\t\t\t\t<\/div>\n\t\t\t\t\t\t<\/div>\n\t\t\t\t<\/div>\n\t\t\t\t\t\t<\/div>\n\t\t\t\t\t<\/div>\n\t\t<\/div>\n\t\t\t\t\t\t\t\t<\/div>\n\t\t\t\t\t<\/div>\n\t\t<\/section>\n\t\t\t\t<section class=\"elementor-section elementor-top-section elementor-element elementor-element-fec445c elementor-section-boxed elementor-section-height-default elementor-section-height-default\" data-id=\"fec445c\" data-element_type=\"section\" data-settings=\"{&quot;background_background&quot;:&quot;classic&quot;}\">\n\t\t\t\t\t\t<div class=\"elementor-container elementor-column-gap-no\">\n\t\t\t\t\t\t\t<div class=\"elementor-row\">\n\t\t\t\t\t<div class=\"elementor-column elementor-col-100 elementor-top-column elementor-element elementor-element-5590ea6\" data-id=\"5590ea6\" data-element_type=\"column\">\n\t\t\t<div class=\"elementor-column-wrap elementor-element-populated\">\n\t\t\t\t\t\t\t<div class=\"elementor-widget-wrap\">\n\t\t\t\t\t\t<div class=\"elementor-element elementor-element-d832c96 elementor-widget elementor-widget-heading\" data-id=\"d832c96\" data-element_type=\"widget\" data-widget_type=\"heading.default\">\n\t\t\t\t<div class=\"elementor-widget-container\">\n\t\t\t<h3 class=\"elementor-heading-title elementor-size-default\"><b>Buche dir dein Training!\u00a0<\/b><\/h3>\t\t<\/div>\n\t\t\t\t<\/div>\n\t\t\t\t<div class=\"elementor-element elementor-element-8884880 elementor-widget elementor-widget-text-editor\" data-id=\"8884880\" data-element_type=\"widget\" data-widget_type=\"text-editor.default\">\n\t\t\t\t<div class=\"elementor-widget-container\">\n\t\t\t\t\t\t\t\t<div class=\"elementor-text-editor elementor-clearfix\">\n\t\t\t\t<p>Was brauchst du, damit es dir gut geht? Das Studio G14 hat eine sch\u00f6ne Auswahl an unterschiedlichen Angeboten. Aktuell unterrichten externe Yoga- und Pilates-Lehrerinnen und bieten ihren Service an. Wenn du eine Stunde buchen m\u00f6chtest, buche \u00fcber unsere Studio G14 Webseite.<\/p>\t\t\t\t\t<\/div>\n\t\t\t\t\t\t<\/div>\n\t\t\t\t<\/div>\n\t\t\t\t<div class=\"elementor-element elementor-element-e49ff41 elementor-align-center elementor-widget elementor-widget-button\" data-id=\"e49ff41\" data-element_type=\"widget\" data-widget_type=\"button.default\">\n\t\t\t\t<div class=\"elementor-widget-container\">\n\t\t\t\t\t<div class=\"elementor-button-wrapper\">\n\t\t\t<a href=\"https:\/\/studio-g14.de\/\" class=\"elementor-button-link elementor-button elementor-size-xl\" role=\"button\">\n\t\t\t\t\t\t<span class=\"elementor-button-content-wrapper\">\n\t\t\t\t\t\t<span class=\"elementor-button-text\">Buche hier<\/span>\n\t\t<\/span>\n\t\t\t\t\t<\/a>\n\t\t<\/div>\n\t\t\t\t<\/div>\n\t\t\t\t<\/div>\n\t\t\t\t<div class=\"elementor-element elementor-element-69c1fd3 elementor-widget elementor-widget-text-editor\" data-id=\"69c1fd3\" data-element_type=\"widget\" data-widget_type=\"text-editor.default\">\n\t\t\t\t<div class=\"elementor-widget-container\">\n\t\t\t\t\t\t\t\t<div class=\"elementor-text-editor elementor-clearfix\">\n\t\t\t\t<p>Au\u00dferdem kannst du auch an meinen Workshops teilnehmen. Hier findest du eine \u00dcbersicht f\u00fcr das kommende Jahr. Wenn du Interesse hast, dann schreibe mir eine kurze Email an contact@victoriadressel.de Und ich reserviere dir einen Platz.<\/p>\t\t\t\t\t<\/div>\n\t\t\t\t\t\t<\/div>\n\t\t\t\t<\/div>\n\t\t\t\t<div class=\"elementor-element elementor-element-f3c3d19 elementor-widget elementor-widget-text-editor\" data-id=\"f3c3d19\" data-element_type=\"widget\" data-widget_type=\"text-editor.default\">\n\t\t\t\t<div class=\"elementor-widget-container\">\n\t\t\t\t\t\t\t\t<div class=\"elementor-text-editor elementor-clearfix\">\n\t\t\t\t\t\t\t\t\t<\/div>\n\t\t\t\t\t\t<\/div>\n\t\t\t\t<\/div>\n\t\t\t\t\t\t<\/div>\n\t\t\t\t\t<\/div>\n\t\t<\/div>\n\t\t\t\t\t\t\t\t<\/div>\n\t\t\t\t\t<\/div>\n\t\t<\/section>\n\t\t\t\t<section class=\"elementor-section elementor-top-section elementor-element elementor-element-e52caf2 elementor-section-boxed elementor-section-height-default elementor-section-height-default\" data-id=\"e52caf2\" data-element_type=\"section\">\n\t\t\t\t\t\t<div class=\"elementor-container elementor-column-gap-default\">\n\t\t\t\t\t\t\t<div class=\"elementor-row\">\n\t\t\t\t\t<div class=\"elementor-column elementor-col-100 elementor-top-column elementor-element elementor-element-39c4ff9\" data-id=\"39c4ff9\" data-element_type=\"column\">\n\t\t\t<div class=\"elementor-column-wrap elementor-element-populated\">\n\t\t\t\t\t\t\t<div class=\"elementor-widget-wrap\">\n\t\t\t\t\t\t<div class=\"elementor-element elementor-element-7a7bc56 elementor-widget elementor-widget-image-gallery\" data-id=\"7a7bc56\" data-element_type=\"widget\" data-widget_type=\"image-gallery.default\">\n\t\t\t\t<div class=\"elementor-widget-container\">\n\t\t\t\t\t<div class=\"elementor-image-gallery\">\n\t\t\t<div id='gallery-1' class='gallery galleryid-9421 gallery-columns-2 gallery-size-1536x1536'><figure class='gallery-item'>\n\t\t\t<div class='gallery-icon landscape'>\n\t\t\t\t<a data-elementor-open-lightbox=\"yes\" data-elementor-lightbox-slideshow=\"7a7bc56\" data-elementor-lightbox-title=\"G14-1\" href='https:\/\/www.victoriadressel.de\/wp-content\/uploads\/2025\/07\/G14-1-scaled.jpg'><img width=\"1536\" height=\"1024\" src=\"https:\/\/www.victoriadressel.de\/wp-content\/uploads\/2025\/07\/G14-1-1536x1024.jpg\" class=\"attachment-1536x1536 size-1536x1536\" alt=\"\" loading=\"lazy\" srcset=\"https:\/\/www.victoriadressel.de\/wp-content\/uploads\/2025\/07\/G14-1-1536x1024.jpg 1536w, https:\/\/www.victoriadressel.de\/wp-content\/uploads\/2025\/07\/G14-1-300x200.jpg 300w, https:\/\/www.victoriadressel.de\/wp-content\/uploads\/2025\/07\/G14-1-1024x683.jpg 1024w, https:\/\/www.victoriadressel.de\/wp-content\/uploads\/2025\/07\/G14-1-768x512.jpg 768w, https:\/\/www.victoriadressel.de\/wp-content\/uploads\/2025\/07\/G14-1-2048x1365.jpg 2048w, https:\/\/www.victoriadressel.de\/wp-content\/uploads\/2025\/07\/G14-1-18x12.jpg 18w, https:\/\/www.victoriadressel.de\/wp-content\/uploads\/2025\/07\/G14-1-600x400.jpg 600w\" sizes=\"(max-width: 1536px) 100vw, 1536px\" \/><\/a>\n\t\t\t<\/div><\/figure><figure class='gallery-item'>\n\t\t\t<div class='gallery-icon landscape'>\n\t\t\t\t<a data-elementor-open-lightbox=\"yes\" data-elementor-lightbox-slideshow=\"7a7bc56\" data-elementor-lightbox-title=\"G14-3\" href='https:\/\/www.victoriadressel.de\/wp-content\/uploads\/2025\/07\/G14-3-scaled.jpg'><img width=\"1536\" height=\"1024\" src=\"https:\/\/www.victoriadressel.de\/wp-content\/uploads\/2025\/07\/G14-3-1536x1024.jpg\" class=\"attachment-1536x1536 size-1536x1536\" alt=\"\" loading=\"lazy\" srcset=\"https:\/\/www.victoriadressel.de\/wp-content\/uploads\/2025\/07\/G14-3-1536x1024.jpg 1536w, https:\/\/www.victoriadressel.de\/wp-content\/uploads\/2025\/07\/G14-3-300x200.jpg 300w, https:\/\/www.victoriadressel.de\/wp-content\/uploads\/2025\/07\/G14-3-1024x683.jpg 1024w, https:\/\/www.victoriadressel.de\/wp-content\/uploads\/2025\/07\/G14-3-768x512.jpg 768w, https:\/\/www.victoriadressel.de\/wp-content\/uploads\/2025\/07\/G14-3-2048x1365.jpg 2048w, https:\/\/www.victoriadressel.de\/wp-content\/uploads\/2025\/07\/G14-3-18x12.jpg 18w, https:\/\/www.victoriadressel.de\/wp-content\/uploads\/2025\/07\/G14-3-600x400.jpg 600w\" sizes=\"(max-width: 1536px) 100vw, 1536px\" \/><\/a>\n\t\t\t<\/div><\/figure><figure class='gallery-item'>\n\t\t\t<div class='gallery-icon landscape'>\n\t\t\t\t<a data-elementor-open-lightbox=\"yes\" data-elementor-lightbox-slideshow=\"7a7bc56\" data-elementor-lightbox-title=\"G14-54\" href='https:\/\/www.victoriadressel.de\/wp-content\/uploads\/2025\/07\/G14-54-scaled.jpg'><img width=\"1536\" height=\"1024\" src=\"https:\/\/www.victoriadressel.de\/wp-content\/uploads\/2025\/07\/G14-54-1536x1024.jpg\" class=\"attachment-1536x1536 size-1536x1536\" alt=\"\" loading=\"lazy\" srcset=\"https:\/\/www.victoriadressel.de\/wp-content\/uploads\/2025\/07\/G14-54-1536x1024.jpg 1536w, https:\/\/www.victoriadressel.de\/wp-content\/uploads\/2025\/07\/G14-54-300x200.jpg 300w, https:\/\/www.victoriadressel.de\/wp-content\/uploads\/2025\/07\/G14-54-1024x683.jpg 1024w, https:\/\/www.victoriadressel.de\/wp-content\/uploads\/2025\/07\/G14-54-768x512.jpg 768w, https:\/\/www.victoriadressel.de\/wp-content\/uploads\/2025\/07\/G14-54-2048x1365.jpg 2048w, https:\/\/www.victoriadressel.de\/wp-content\/uploads\/2025\/07\/G14-54-18x12.jpg 18w, https:\/\/www.victoriadressel.de\/wp-content\/uploads\/2025\/07\/G14-54-600x400.jpg 600w\" sizes=\"(max-width: 1536px) 100vw, 1536px\" \/><\/a>\n\t\t\t<\/div><\/figure><figure class='gallery-item'>\n\t\t\t<div class='gallery-icon landscape'>\n\t\t\t\t<a data-elementor-open-lightbox=\"yes\" data-elementor-lightbox-slideshow=\"7a7bc56\" data-elementor-lightbox-title=\"G14-4\" href='https:\/\/www.victoriadressel.de\/wp-content\/uploads\/2025\/01\/G14-4-scaled.jpg'><img width=\"1536\" height=\"1024\" src=\"https:\/\/www.victoriadressel.de\/wp-content\/uploads\/2025\/01\/G14-4-1536x1024.jpg\" class=\"attachment-1536x1536 size-1536x1536\" alt=\"\" loading=\"lazy\" srcset=\"https:\/\/www.victoriadressel.de\/wp-content\/uploads\/2025\/01\/G14-4-1536x1024.jpg 1536w, https:\/\/www.victoriadressel.de\/wp-content\/uploads\/2025\/01\/G14-4-300x200.jpg 300w, https:\/\/www.victoriadressel.de\/wp-content\/uploads\/2025\/01\/G14-4-1024x683.jpg 1024w, https:\/\/www.victoriadressel.de\/wp-content\/uploads\/2025\/01\/G14-4-768x512.jpg 768w, https:\/\/www.victoriadressel.de\/wp-content\/uploads\/2025\/01\/G14-4-2048x1365.jpg 2048w, https:\/\/www.victoriadressel.de\/wp-content\/uploads\/2025\/01\/G14-4-18x12.jpg 18w, https:\/\/www.victoriadressel.de\/wp-content\/uploads\/2025\/01\/G14-4-600x400.jpg 600w\" sizes=\"(max-width: 1536px) 100vw, 1536px\" \/><\/a>\n\t\t\t<\/div><\/figure>\n\t\t<\/div>\n\t\t<\/div>\n\t\t\t\t<\/div>\n\t\t\t\t<\/div>\n\t\t\t\t\t\t<\/div>\n\t\t\t\t\t<\/div>\n\t\t<\/div>\n\t\t\t\t\t\t\t\t<\/div>\n\t\t\t\t\t<\/div>\n\t\t<\/section>\n\t\t\t\t<section class=\"elementor-section elementor-top-section elementor-element elementor-element-ca53c0c elementor-section-boxed elementor-section-height-default elementor-section-height-default\" data-id=\"ca53c0c\" data-element_type=\"section\" data-settings=\"{&quot;background_background&quot;:&quot;classic&quot;}\">\n\t\t\t\t\t\t<div class=\"elementor-container elementor-column-gap-no\">\n\t\t\t\t\t\t\t<div class=\"elementor-row\">\n\t\t\t\t\t<div class=\"elementor-column elementor-col-50 elementor-top-column elementor-element elementor-element-3cc59c8\" data-id=\"3cc59c8\" data-element_type=\"column\">\n\t\t\t<div class=\"elementor-column-wrap elementor-element-populated\">\n\t\t\t\t\t\t\t<div class=\"elementor-widget-wrap\">\n\t\t\t\t\t\t<div class=\"elementor-element elementor-element-aad4b31 elementor-widget elementor-widget-heading\" data-id=\"aad4b31\" data-element_type=\"widget\" data-widget_type=\"heading.default\">\n\t\t\t\t<div class=\"elementor-widget-container\">\n\t\t\t<h3 class=\"elementor-heading-title elementor-size-default\"><b>WUT-Workshop:<\/b><\/h3>\t\t<\/div>\n\t\t\t\t<\/div>\n\t\t\t\t<div class=\"elementor-element elementor-element-a4c98c6 elementor-widget elementor-widget-text-editor\" data-id=\"a4c98c6\" data-element_type=\"widget\" data-widget_type=\"text-editor.default\">\n\t\t\t\t<div class=\"elementor-widget-container\">\n\t\t\t\t\t\t\t\t<div class=\"elementor-text-editor elementor-clearfix\">\n\t\t\t\t<ul><li>13. Juni<\/li><li>18. September<\/li><\/ul>\t\t\t\t\t<\/div>\n\t\t\t\t\t\t<\/div>\n\t\t\t\t<\/div>\n\t\t\t\t<div class=\"elementor-element elementor-element-350dea7 elementor-widget elementor-widget-text-editor\" data-id=\"350dea7\" data-element_type=\"widget\" data-widget_type=\"text-editor.default\">\n\t\t\t\t<div class=\"elementor-widget-container\">\n\t\t\t\t\t\t\t\t<div class=\"elementor-text-editor elementor-clearfix\">\n\t\t\t\t\t\t\t\t\t<\/div>\n\t\t\t\t\t\t<\/div>\n\t\t\t\t<\/div>\n\t\t\t\t\t\t<\/div>\n\t\t\t\t\t<\/div>\n\t\t<\/div>\n\t\t\t\t<div class=\"elementor-column elementor-col-50 elementor-top-column elementor-element elementor-element-afb1967\" data-id=\"afb1967\" data-element_type=\"column\">\n\t\t\t<div class=\"elementor-column-wrap elementor-element-populated\">\n\t\t\t\t\t\t\t<div class=\"elementor-widget-wrap\">\n\t\t\t\t\t\t<div class=\"elementor-element elementor-element-f4bd76d elementor-widget elementor-widget-heading\" data-id=\"f4bd76d\" data-element_type=\"widget\" data-widget_type=\"heading.default\">\n\t\t\t\t<div class=\"elementor-widget-container\">\n\t\t\t<h3 class=\"elementor-heading-title elementor-size-default\"><b>WORKSHOP DU & deine EMOTIONEN:<\/b><\/h3>\t\t<\/div>\n\t\t\t\t<\/div>\n\t\t\t\t<div class=\"elementor-element elementor-element-5e90da0 elementor-widget elementor-widget-text-editor\" data-id=\"5e90da0\" data-element_type=\"widget\" data-widget_type=\"text-editor.default\">\n\t\t\t\t<div class=\"elementor-widget-container\">\n\t\t\t\t\t\t\t\t<div class=\"elementor-text-editor elementor-clearfix\">\n\t\t\t\t<ul><li>30. Mai<\/li><li>31. Oktober<\/li><\/ul>\t\t\t\t\t<\/div>\n\t\t\t\t\t\t<\/div>\n\t\t\t\t<\/div>\n\t\t\t\t<div class=\"elementor-element elementor-element-743287b elementor-widget elementor-widget-text-editor\" data-id=\"743287b\" data-element_type=\"widget\" data-widget_type=\"text-editor.default\">\n\t\t\t\t<div class=\"elementor-widget-container\">\n\t\t\t\t\t\t\t\t<div class=\"elementor-text-editor elementor-clearfix\">\n\t\t\t\t\t\t\t\t\t<\/div>\n\t\t\t\t\t\t<\/div>\n\t\t\t\t<\/div>\n\t\t\t\t\t\t<\/div>\n\t\t\t\t\t<\/div>\n\t\t<\/div>\n\t\t\t\t\t\t\t\t<\/div>\n\t\t\t\t\t<\/div>\n\t\t<\/section>\n\t\t\t\t<section class=\"elementor-section elementor-top-section elementor-element elementor-element-db7c79b elementor-section-boxed elementor-section-height-default elementor-section-height-default\" data-id=\"db7c79b\" data-element_type=\"section\" data-settings=\"{&quot;background_background&quot;:&quot;classic&quot;}\">\n\t\t\t\t\t\t<div class=\"elementor-container elementor-column-gap-no\">\n\t\t\t\t\t\t\t<div class=\"elementor-row\">\n\t\t\t\t\t<div class=\"elementor-column elementor-col-100 elementor-top-column elementor-element elementor-element-bcd9f96\" data-id=\"bcd9f96\" data-element_type=\"column\">\n\t\t\t<div class=\"elementor-column-wrap elementor-element-populated\">\n\t\t\t\t\t\t\t<div class=\"elementor-widget-wrap\">\n\t\t\t\t\t\t<div class=\"elementor-element elementor-element-d7ee516 elementor-widget elementor-widget-heading\" data-id=\"d7ee516\" data-element_type=\"widget\" data-widget_type=\"heading.default\">\n\t\t\t\t<div class=\"elementor-widget-container\">\n\t\t\t<h3 class=\"elementor-heading-title elementor-size-default\"><b>BUCHE das STUDIO G14 f\u00fcr dein eigenes Angebot!\u00a0<\/b><\/h3>\t\t<\/div>\n\t\t\t\t<\/div>\n\t\t\t\t<div class=\"elementor-element elementor-element-afdfcb8 elementor-widget elementor-widget-text-editor\" data-id=\"afdfcb8\" data-element_type=\"widget\" data-widget_type=\"text-editor.default\">\n\t\t\t\t<div class=\"elementor-widget-container\">\n\t\t\t\t\t\t\t\t<div class=\"elementor-text-editor elementor-clearfix\">\n\t\t\t\t<p>Du kannst dich gern bei mir melden, wenn du Interesse daran hast, dein eigenes Angebot im Studio G14 anzubieten.<\/p><p>Schreib mir an\u00a0<a href=\"mailto:contact@victoriadressel.de\" target=\"_blank\" rel=\"noopener\">contact@victoriadressel.de<\/a>\u00a0und beschreibe kurz, was du genau vorhast und wann du das Studio gern anmieten m\u00f6chtest.<\/p><p>Das Studio kostet in der laufenden Woche 35 EUR\/h zzgl. Mwst. Bei mehreren Stunden bzw. am Wochenende ver\u00e4ndern sich die Preise.<\/p>\t\t\t\t\t<\/div>\n\t\t\t\t\t\t<\/div>\n\t\t\t\t<\/div>\n\t\t\t\t<div class=\"elementor-element elementor-element-7a254a5 elementor-widget elementor-widget-text-editor\" data-id=\"7a254a5\" data-element_type=\"widget\" data-widget_type=\"text-editor.default\">\n\t\t\t\t<div class=\"elementor-widget-container\">\n\t\t\t\t\t\t\t\t<div class=\"elementor-text-editor elementor-clearfix\">\n\t\t\t\t\t\t\t\t\t<\/div>\n\t\t\t\t\t\t<\/div>\n\t\t\t\t<\/div>\n\t\t\t\t\t\t<\/div>\n\t\t\t\t\t<\/div>\n\t\t<\/div>\n\t\t\t\t\t\t\t\t<\/div>\n\t\t\t\t\t<\/div>\n\t\t<\/section>\n\t\t\t\t\t\t<\/div>\n\t\t\t\t\t\t<\/div>\n\t\t\t\t\t<\/div>","protected":false},"excerpt":{"rendered":"<p>Studio Du kannst unser Studio jetzt buchen Buche hier Buche dir dein Training!\u00a0 Was brauchst du, damit es dir gut geht? Das Studio&#8230;<\/p>","protected":false},"author":4,"featured_media":0,"parent":0,"menu_order":0,"comment_status":"closed","ping_status":"closed","template":"elementor_header_footer","meta":{"_monsterinsights_skip_tracking":false,"_monsterinsights_sitenote_active":false,"_monsterinsights_sitenote_note":"","_monsterinsights_sitenote_category":0,"_links_to":"","_links_to_target":""},"_links":{"self":[{"href":"https:\/\/www.victoriadressel.de\/en\/wp-json\/wp\/v2\/pages\/9421"}],"collection":[{"href":"https:\/\/www.victoriadressel.de\/en\/wp-json\/wp\/v2\/pages"}],"about":[{"href":"https:\/\/www.victoriadressel.de\/en\/wp-json\/wp\/v2\/types\/page"}],"author":[{"embeddable":true,"href":"https:\/\/www.victoriadressel.de\/en\/wp-json\/wp\/v2\/users\/4"}],"replies":[{"embeddable":true,"href":"https:\/\/www.victoriadressel.de\/en\/wp-json\/wp\/v2\/comments?post=9421"}],"version-history":[{"count":10,"href":"https:\/\/www.victoriadressel.de\/en\/wp-json\/wp\/v2\/pages\/9421\/revisions"}],"predecessor-version":[{"id":10364,"href":"https:\/\/www.victoriadressel.de\/en\/wp-json\/wp\/v2\/pages\/9421\/revisions\/10364"}],"wp:attachment":[{"href":"https:\/\/www.victoriadressel.de\/en\/wp-json\/wp\/v2\/media?parent=9421"}],"curies":[{"name":"wp","href":"https:\/\/api.w.org\/{rel}","templated":true}]}}